{"id":11860,"date":"2014-11-14T12:21:18","date_gmt":"2014-11-14T12:21:18","guid":{"rendered":"https:\/\/olearum.com\/home\/"},"modified":"2020-01-24T09:22:55","modified_gmt":"2020-01-24T09:22:55","slug":"home","status":"publish","type":"page","link":"https:\/\/olearum.com\/zh-hans\/","title":{"rendered":"Todo acerca del olivar y del aceite de oliva virgen extra"},"content":{"rendered":"<div class=\"wpb-content-wrapper\"><p>[vc_row][vc_column width=&#8221;1\/2&#8243;][vc_single_image image=&#8221;11908&#8243; img_size=&#8221;full&#8221; onclick=&#8221;custom_link&#8221; link=&#8221;https:\/\/olearum.com\/comprar\/&#8221;][vc_column_text]\u00bfQuieres disfrutar de los mejores aromas de un aceite de cosecha temprana? \u00bfTe gustan los aceites m\u00e1s amargos, m\u00e1s picantes o m\u00e1s dulces? Entra en nuestra <a href=\"https:\/\/olearum.com\/comprar\/\">TIENDA<\/a>, compara los diferentes perfiles sensoriales de nuestros Sol Chiquito picual, royal y arbequina, y te llevamos a casa el que m\u00e1s te guste.[\/vc_column_text][\/vc_column][vc_column width=&#8221;1\/2&#8243;][vc_single_image image=&#8221;11911&#8243; img_size=&#8221;full&#8221; onclick=&#8221;custom_link&#8221; link=&#8221;https:\/\/olearum.com\/oleoturismo\/&#8221;][vc_column_text]\u00bfEst\u00e1s en la Sierra de Cazorla y quieres hacer algo diferente? Ad\u00e9ntrate en el mundo del olivar y del aceite de oliva virgen extra haciendo <a href=\"https:\/\/olearum.com\/oleoturismo\/\">OLEOTURISMO<\/a> de la mano de un profesional, ingeniero agr\u00f3nomo especialista en olivicultura y elaiotecnia, experto catador y jefe de panel de cata.[\/vc_column_text][\/vc_column][\/vc_row][vc_row][vc_column width=&#8221;1\/2&#8243;][vc_single_image image=&#8221;11943&#8243; img_size=&#8221;full&#8221; onclick=&#8221;custom_link&#8221; link=&#8221;https:\/\/olearum.com\/asesoramiento-en-olivar\/&#8221;][vc_column_text]\u00bfNecesitas que dise\u00f1emos un plan de abonado para tu olivar? \u00bfTienes alguna plaga o enfermedad que est\u00e9 limitando la producci\u00f3n de tus olivos? \u00bfQuieres dise\u00f1ar una plantaci\u00f3n nueva y no sabes que variedad elegir? \u00bfQuieres producir tu propio aceite y necesitas consejo? \u00bfNecesitas <a href=\"https:\/\/olearum.com\/asesoramiento-en-olivar\/\">ASESORAMIENTO<\/a>? Consultanos, somos expertos en olivicultura y elaiotecnia.[\/vc_column_text][\/vc_column][vc_column width=&#8221;1\/2&#8243;][vc_single_image image=&#8221;11917&#8243; img_size=&#8221;full&#8221; onclick=&#8221;custom_link&#8221; link=&#8221;https:\/\/olearum.com\/exportacion\/&#8221;][vc_column_text]\u00bfQuieres importar aceite de oliva virgen extra a tu pa\u00eds? Nosotros te damos un servicios completo para la <a href=\"https:\/\/olearum.com\/exportacion\/\">EXPORTACI\u00d3N<\/a>, eligiendo los aceites con los perfiles sensoriales que m\u00e1s se adapten a tu mercado, poniendo a t\u00fa disposici\u00f3n una amplia gama de envases, dise\u00f1ando las etiquetas y el packaging, y gestionando el transporte. Ll\u00e1manos.[\/vc_column_text][\/vc_column][\/vc_row][vc_row][vc_column][vc_single_image image=&#8221;11641&#8243; img_size=&#8221;full&#8221; alignment=&#8221;center&#8221; onclick=&#8221;custom_link&#8221; link=&#8221;\/solchiquito&#8221;][\/vc_column][\/vc_row]<\/p>\n<\/div>","protected":false},"excerpt":{"rendered":"<p>[vc_row][vc_column width=&#038;<span class=\"excerpt-hellip\"> [\u2026]<\/span><\/p>\n","protected":false},"author":1,"featured_media":0,"parent":0,"menu_order":0,"comment_status":"open","ping_status":"open","template":"","meta":{"footnotes":""},"class_list":["post-11860","page","type-page","status-publish","hentry"],"yoast_head":"<!-- This site is optimized with the Yoast SEO plugin v26.4 - https:\/\/yoast.com\/wordpress\/plugins\/seo\/ -->\n<title>Todo acerca del olivar y del aceite de oliva virgen extra - Olearum<\/title>\n<meta name=\"description\" content=\"Todo acerca del olivar y del aceite de oliva virgen extra - Olearum\" \/>\n<meta name=\"robots\" content=\"index, follow, max-snippet:-1, max-image-preview:large, max-video-preview:-1\" \/>\n<link rel=\"canonical\" href=\"https:\/\/olearum.com\/zh-hans\/\" \/>\n<meta property=\"og:locale\" content=\"zh_CN\" \/>\n<meta property=\"og:type\" content=\"article\" \/>\n<meta property=\"og:title\" content=\"Todo acerca del olivar y del aceite de oliva virgen extra - Olearum\" \/>\n<meta property=\"og:description\" content=\"Todo acerca del olivar y del aceite de oliva virgen extra - Olearum\" \/>\n<meta property=\"og:url\" content=\"https:\/\/olearum.com\/zh-hans\/\" \/>\n<meta property=\"og:site_name\" content=\"Olearum\" \/>\n<meta property=\"article:publisher\" content=\"https:\/\/www.facebook.com\/olearum\/\" \/>\n<meta property=\"article:modified_time\" content=\"2020-01-24T09:22:55+00:00\" \/>\n<meta property=\"og:image\" content=\"https:\/\/olearum.com\/wp-content\/uploads\/2023\/12\/imagen-coorporativa-512.png\" \/>\n\t<meta property=\"og:image:width\" content=\"512\" \/>\n\t<meta property=\"og:image:height\" content=\"341\" \/>\n\t<meta property=\"og:image:type\" content=\"image\/png\" \/>\n<meta name=\"twitter:card\" content=\"summary_large_image\" \/>\n<meta name=\"twitter:site\" content=\"@olearum\" \/>\n<meta name=\"twitter:label1\" content=\"\u9884\u8ba1\u9605\u8bfb\u65f6\u95f4\" \/>\n\t<meta name=\"twitter:data1\" content=\"2 \u5206\" \/>\n<script type=\"application\/ld+json\" class=\"yoast-schema-graph\">{\"@context\":\"https:\/\/schema.org\",\"@graph\":[{\"@type\":[\"Article\",\"BlogPosting\"],\"@id\":\"https:\/\/olearum.com\/zh-hans\/#article\",\"isPartOf\":{\"@id\":\"https:\/\/olearum.com\/zh-hans\/\"},\"author\":{\"name\":\"Agraria OLEARUM\",\"@id\":\"https:\/\/olearum.com\/zh-hans\/#\/schema\/person\/5d3f9cc8f5bd87463feeceec4fb249f4\"},\"headline\":\"Todo acerca del olivar y del aceite de oliva virgen extra\",\"datePublished\":\"2014-11-14T12:21:18+00:00\",\"dateModified\":\"2020-01-24T09:22:55+00:00\",\"mainEntityOfPage\":{\"@id\":\"https:\/\/olearum.com\/zh-hans\/\"},\"wordCount\":363,\"commentCount\":0,\"publisher\":{\"@id\":\"https:\/\/olearum.com\/zh-hans\/#organization\"},\"inLanguage\":\"zh-Hans\",\"potentialAction\":[{\"@type\":\"CommentAction\",\"name\":\"Comment\",\"target\":[\"https:\/\/olearum.com\/zh-hans\/#respond\"]}]},{\"@type\":\"WebPage\",\"@id\":\"https:\/\/olearum.com\/zh-hans\/\",\"url\":\"https:\/\/olearum.com\/zh-hans\/\",\"name\":\"Todo acerca del olivar y del aceite de oliva virgen extra - Olearum\",\"isPartOf\":{\"@id\":\"https:\/\/olearum.com\/zh-hans\/#website\"},\"datePublished\":\"2014-11-14T12:21:18+00:00\",\"dateModified\":\"2020-01-24T09:22:55+00:00\",\"description\":\"Todo acerca del olivar y del aceite de oliva virgen extra - Olearum\",\"breadcrumb\":{\"@id\":\"https:\/\/olearum.com\/zh-hans\/#breadcrumb\"},\"inLanguage\":\"zh-Hans\",\"potentialAction\":[{\"@type\":\"ReadAction\",\"target\":[\"https:\/\/olearum.com\/zh-hans\/\"]}]},{\"@type\":\"BreadcrumbList\",\"@id\":\"https:\/\/olearum.com\/zh-hans\/#breadcrumb\",\"itemListElement\":[{\"@type\":\"ListItem\",\"position\":1,\"name\":\"Inicio\",\"item\":\"https:\/\/olearum.com\/zh-hans\/home\/\"},{\"@type\":\"ListItem\",\"position\":2,\"name\":\"Todo acerca del olivar y del aceite de oliva virgen extra\"}]},{\"@type\":\"WebSite\",\"@id\":\"https:\/\/olearum.com\/zh-hans\/#website\",\"url\":\"https:\/\/olearum.com\/zh-hans\/\",\"name\":\"Olearum\",\"description\":\"Venta de aceite de oliva virgen extra de gran calidad, catas de aceite y oleoturismo en Cazorla, exportaci\u00f3n de aceite AOVE, asesoramiento, formaciones y consultor\u00eda agro-ambiental.\",\"publisher\":{\"@id\":\"https:\/\/olearum.com\/zh-hans\/#organization\"},\"alternateName\":\"Agraria Olearum\",\"potentialAction\":[{\"@type\":\"SearchAction\",\"target\":{\"@type\":\"EntryPoint\",\"urlTemplate\":\"https:\/\/olearum.com\/zh-hans\/?s={search_term_string}\"},\"query-input\":{\"@type\":\"PropertyValueSpecification\",\"valueRequired\":true,\"valueName\":\"search_term_string\"}}],\"inLanguage\":\"zh-Hans\"},{\"@type\":\"Organization\",\"@id\":\"https:\/\/olearum.com\/zh-hans\/#organization\",\"name\":\"Olearum\",\"alternateName\":\"Sol Chiquito\",\"url\":\"https:\/\/olearum.com\/zh-hans\/\",\"logo\":{\"@type\":\"ImageObject\",\"inLanguage\":\"zh-Hans\",\"@id\":\"https:\/\/olearum.com\/zh-hans\/#\/schema\/logo\/image\/\",\"url\":\"https:\/\/olearum.com\/wp-content\/uploads\/2023\/12\/imagen-coorporativa-512.png\",\"contentUrl\":\"https:\/\/olearum.com\/wp-content\/uploads\/2023\/12\/imagen-coorporativa-512.png\",\"width\":512,\"height\":341,\"caption\":\"Olearum\"},\"image\":{\"@id\":\"https:\/\/olearum.com\/zh-hans\/#\/schema\/logo\/image\/\"},\"sameAs\":[\"https:\/\/www.facebook.com\/olearum\/\",\"https:\/\/x.com\/olearum\",\"https:\/\/vimeo.com\/olearum\",\"https:\/\/www.youtube.com\/user\/olearum\",\"https:\/\/www.pinterest.es\/olearum\/\",\"https:\/\/www.instagram.com\/olearum\/\"]},{\"@type\":\"Person\",\"@id\":\"https:\/\/olearum.com\/zh-hans\/#\/schema\/person\/5d3f9cc8f5bd87463feeceec4fb249f4\",\"name\":\"Agraria OLEARUM\",\"image\":{\"@type\":\"ImageObject\",\"inLanguage\":\"zh-Hans\",\"@id\":\"https:\/\/olearum.com\/zh-hans\/#\/schema\/person\/image\/\",\"url\":\"https:\/\/secure.gravatar.com\/avatar\/d600642c4c965ab7dfd04a8414583e70?s=96&d=mm&r=g\",\"contentUrl\":\"https:\/\/secure.gravatar.com\/avatar\/d600642c4c965ab7dfd04a8414583e70?s=96&d=mm&r=g\",\"caption\":\"Agraria OLEARUM\"},\"sameAs\":[\"https:\/\/olearum.com\"],\"url\":\"https:\/\/olearum.com\/zh-hans\/author\/antonio\/\"}]}<\/script>\n<!-- \/ Yoast SEO plugin. -->","yoast_head_json":{"title":"Todo acerca del olivar y del aceite de oliva virgen extra - Olearum","description":"Todo acerca del olivar y del aceite de oliva virgen extra - Olearum","robots":{"index":"index","follow":"follow","max-snippet":"max-snippet:-1","max-image-preview":"max-image-preview:large","max-video-preview":"max-video-preview:-1"},"canonical":"https:\/\/olearum.com\/zh-hans\/","og_locale":"zh_CN","og_type":"article","og_title":"Todo acerca del olivar y del aceite de oliva virgen extra - Olearum","og_description":"Todo acerca del olivar y del aceite de oliva virgen extra - Olearum","og_url":"https:\/\/olearum.com\/zh-hans\/","og_site_name":"Olearum","article_publisher":"https:\/\/www.facebook.com\/olearum\/","article_modified_time":"2020-01-24T09:22:55+00:00","og_image":[{"width":512,"height":341,"url":"https:\/\/olearum.com\/wp-content\/uploads\/2023\/12\/imagen-coorporativa-512.png","type":"image\/png"}],"twitter_card":"summary_large_image","twitter_site":"@olearum","twitter_misc":{"\u9884\u8ba1\u9605\u8bfb\u65f6\u95f4":"2 \u5206"},"schema":{"@context":"https:\/\/schema.org","@graph":[{"@type":["Article","BlogPosting"],"@id":"https:\/\/olearum.com\/zh-hans\/#article","isPartOf":{"@id":"https:\/\/olearum.com\/zh-hans\/"},"author":{"name":"Agraria OLEARUM","@id":"https:\/\/olearum.com\/zh-hans\/#\/schema\/person\/5d3f9cc8f5bd87463feeceec4fb249f4"},"headline":"Todo acerca del olivar y del aceite de oliva virgen extra","datePublished":"2014-11-14T12:21:18+00:00","dateModified":"2020-01-24T09:22:55+00:00","mainEntityOfPage":{"@id":"https:\/\/olearum.com\/zh-hans\/"},"wordCount":363,"commentCount":0,"publisher":{"@id":"https:\/\/olearum.com\/zh-hans\/#organization"},"inLanguage":"zh-Hans","potentialAction":[{"@type":"CommentAction","name":"Comment","target":["https:\/\/olearum.com\/zh-hans\/#respond"]}]},{"@type":"WebPage","@id":"https:\/\/olearum.com\/zh-hans\/","url":"https:\/\/olearum.com\/zh-hans\/","name":"Todo acerca del olivar y del aceite de oliva virgen extra - Olearum","isPartOf":{"@id":"https:\/\/olearum.com\/zh-hans\/#website"},"datePublished":"2014-11-14T12:21:18+00:00","dateModified":"2020-01-24T09:22:55+00:00","description":"Todo acerca del olivar y del aceite de oliva virgen extra - Olearum","breadcrumb":{"@id":"https:\/\/olearum.com\/zh-hans\/#breadcrumb"},"inLanguage":"zh-Hans","potentialAction":[{"@type":"ReadAction","target":["https:\/\/olearum.com\/zh-hans\/"]}]},{"@type":"BreadcrumbList","@id":"https:\/\/olearum.com\/zh-hans\/#breadcrumb","itemListElement":[{"@type":"ListItem","position":1,"name":"Inicio","item":"https:\/\/olearum.com\/zh-hans\/home\/"},{"@type":"ListItem","position":2,"name":"Todo acerca del olivar y del aceite de oliva virgen extra"}]},{"@type":"WebSite","@id":"https:\/\/olearum.com\/zh-hans\/#website","url":"https:\/\/olearum.com\/zh-hans\/","name":"Olearum","description":"Venta de aceite de oliva virgen extra de gran calidad, catas de aceite y oleoturismo en Cazorla, exportaci\u00f3n de aceite AOVE, asesoramiento, formaciones y consultor\u00eda agro-ambiental.","publisher":{"@id":"https:\/\/olearum.com\/zh-hans\/#organization"},"alternateName":"Agraria Olearum","potentialAction":[{"@type":"SearchAction","target":{"@type":"EntryPoint","urlTemplate":"https:\/\/olearum.com\/zh-hans\/?s={search_term_string}"},"query-input":{"@type":"PropertyValueSpecification","valueRequired":true,"valueName":"search_term_string"}}],"inLanguage":"zh-Hans"},{"@type":"Organization","@id":"https:\/\/olearum.com\/zh-hans\/#organization","name":"Olearum","alternateName":"Sol Chiquito","url":"https:\/\/olearum.com\/zh-hans\/","logo":{"@type":"ImageObject","inLanguage":"zh-Hans","@id":"https:\/\/olearum.com\/zh-hans\/#\/schema\/logo\/image\/","url":"https:\/\/olearum.com\/wp-content\/uploads\/2023\/12\/imagen-coorporativa-512.png","contentUrl":"https:\/\/olearum.com\/wp-content\/uploads\/2023\/12\/imagen-coorporativa-512.png","width":512,"height":341,"caption":"Olearum"},"image":{"@id":"https:\/\/olearum.com\/zh-hans\/#\/schema\/logo\/image\/"},"sameAs":["https:\/\/www.facebook.com\/olearum\/","https:\/\/x.com\/olearum","https:\/\/vimeo.com\/olearum","https:\/\/www.youtube.com\/user\/olearum","https:\/\/www.pinterest.es\/olearum\/","https:\/\/www.instagram.com\/olearum\/"]},{"@type":"Person","@id":"https:\/\/olearum.com\/zh-hans\/#\/schema\/person\/5d3f9cc8f5bd87463feeceec4fb249f4","name":"Agraria OLEARUM","image":{"@type":"ImageObject","inLanguage":"zh-Hans","@id":"https:\/\/olearum.com\/zh-hans\/#\/schema\/person\/image\/","url":"https:\/\/secure.gravatar.com\/avatar\/d600642c4c965ab7dfd04a8414583e70?s=96&d=mm&r=g","contentUrl":"https:\/\/secure.gravatar.com\/avatar\/d600642c4c965ab7dfd04a8414583e70?s=96&d=mm&r=g","caption":"Agraria OLEARUM"},"sameAs":["https:\/\/olearum.com"],"url":"https:\/\/olearum.com\/zh-hans\/author\/antonio\/"}]}},"_links":{"self":[{"href":"https:\/\/olearum.com\/zh-hans\/wp-json\/wp\/v2\/pages\/11860","targetHints":{"allow":["GET"]}}],"collection":[{"href":"https:\/\/olearum.com\/zh-hans\/wp-json\/wp\/v2\/pages"}],"about":[{"href":"https:\/\/olearum.com\/zh-hans\/wp-json\/wp\/v2\/types\/page"}],"author":[{"embeddable":true,"href":"https:\/\/olearum.com\/zh-hans\/wp-json\/wp\/v2\/users\/1"}],"replies":[{"embeddable":true,"href":"https:\/\/olearum.com\/zh-hans\/wp-json\/wp\/v2\/comments?post=11860"}],"version-history":[{"count":43,"href":"https:\/\/olearum.com\/zh-hans\/wp-json\/wp\/v2\/pages\/11860\/revisions"}],"predecessor-version":[{"id":12116,"href":"https:\/\/olearum.com\/zh-hans\/wp-json\/wp\/v2\/pages\/11860\/revisions\/12116"}],"wp:attachment":[{"href":"https:\/\/olearum.com\/zh-hans\/wp-json\/wp\/v2\/media?parent=11860"}],"curies":[{"name":"wp","href":"https:\/\/api.w.org\/{rel}","templated":true}]}}