{"id":18992,"date":"2023-03-30T11:56:07","date_gmt":"2023-03-30T11:56:07","guid":{"rendered":"https:\/\/olearum.com\/producto\/early-harvested-royal-olive-oil-jam\/"},"modified":"2024-08-05T17:04:49","modified_gmt":"2024-08-05T17:04:49","slug":"early-harvested-royal-olive-oil-jam","status":"publish","type":"product","link":"https:\/\/olearum.com\/en\/producto\/early-harvested-royal-olive-oil-jam\/","title":{"rendered":"EARLY HARVESTED ROYAL OLIVE OIL JAM"},"content":{"rendered":"<p>Jam made with royal variety early harvested extra virgin olive oil, which gives fresh aromas of green fruity to this sweet and balanced recipe. Smooth texture and sweet taste perfect to combine with meat, p\u00e2t\u00e9, toasts and all kinds of canap\u00e9s.<\/p>\n","protected":false},"excerpt":{"rendered":"<p>Early harvested royal olive oil jam<\/p>\n","protected":false},"featured_media":21234,"template":"","meta":[],"product_brand":[],"product_cat":[488],"product_tag":[230,233],"class_list":{"0":"post-18992","1":"product","2":"type-product","3":"status-publish","4":"has-post-thumbnail","6":"product_cat-jams","7":"product_tag-early-hasvest","8":"product_tag-royal-en","9":"product_shipping_class-correos-en","11":"first","12":"outofstock","13":"taxable","14":"shipping-taxable","15":"purchasable","16":"product-type-simple"},"yoast_head":"<!-- This site is optimized with the Yoast SEO plugin v26.4 - https:\/\/yoast.com\/wordpress\/plugins\/seo\/ -->\n<title>EARLY HARVESTED ROYAL OLIVE OIL JAM - Olearum<\/title>\n<meta name=\"description\" content=\"EARLY HARVESTED ROYAL OLIVE OIL JAM - Olearum\" \/>\n<meta name=\"robots\" content=\"index, follow, max-snippet:-1, max-image-preview:large, max-video-preview:-1\" \/>\n<link rel=\"canonical\" href=\"https:\/\/olearum.com\/en\/producto\/early-harvested-royal-olive-oil-jam\/\" \/>\n<meta property=\"og:locale\" content=\"en_US\" \/>\n<meta property=\"og:type\" content=\"article\" \/>\n<meta property=\"og:title\" content=\"EARLY HARVESTED ROYAL OLIVE OIL JAM - Olearum\" \/>\n<meta property=\"og:description\" content=\"EARLY HARVESTED ROYAL OLIVE OIL JAM - Olearum\" \/>\n<meta property=\"og:url\" content=\"https:\/\/olearum.com\/en\/producto\/early-harvested-royal-olive-oil-jam\/\" \/>\n<meta property=\"og:site_name\" content=\"Olearum\" \/>\n<meta property=\"article:publisher\" content=\"https:\/\/www.facebook.com\/olearum\/\" \/>\n<meta property=\"article:modified_time\" content=\"2024-08-05T17:04:49+00:00\" \/>\n<meta property=\"og:image\" content=\"https:\/\/olearum.com\/wp-content\/uploads\/2023\/03\/jalea-royal-web.jpg\" \/>\n\t<meta property=\"og:image:width\" content=\"880\" \/>\n\t<meta property=\"og:image:height\" content=\"880\" \/>\n\t<meta property=\"og:image:type\" content=\"image\/jpeg\" \/>\n<meta name=\"twitter:card\" content=\"summary_large_image\" \/>\n<meta name=\"twitter:site\" content=\"@olearum\" \/>\n<script type=\"application\/ld+json\" class=\"yoast-schema-graph\">{\"@context\":\"https:\/\/schema.org\",\"@graph\":[{\"@type\":\"WebPage\",\"@id\":\"https:\/\/olearum.com\/en\/producto\/early-harvested-royal-olive-oil-jam\/\",\"url\":\"https:\/\/olearum.com\/en\/producto\/early-harvested-royal-olive-oil-jam\/\",\"name\":\"EARLY HARVESTED ROYAL OLIVE OIL JAM - Olearum\",\"isPartOf\":{\"@id\":\"https:\/\/olearum.com\/en\/#website\"},\"primaryImageOfPage\":{\"@id\":\"https:\/\/olearum.com\/en\/producto\/early-harvested-royal-olive-oil-jam\/#primaryimage\"},\"image\":{\"@id\":\"https:\/\/olearum.com\/en\/producto\/early-harvested-royal-olive-oil-jam\/#primaryimage\"},\"thumbnailUrl\":\"https:\/\/olearum.com\/wp-content\/uploads\/2023\/03\/jalea-AOVE-royal-web.jpg\",\"datePublished\":\"2023-03-30T11:56:07+00:00\",\"dateModified\":\"2024-08-05T17:04:49+00:00\",\"description\":\"EARLY HARVESTED ROYAL OLIVE OIL JAM - Olearum\",\"breadcrumb\":{\"@id\":\"https:\/\/olearum.com\/en\/producto\/early-harvested-royal-olive-oil-jam\/#breadcrumb\"},\"inLanguage\":\"en-US\",\"potentialAction\":[{\"@type\":\"ReadAction\",\"target\":[\"https:\/\/olearum.com\/en\/producto\/early-harvested-royal-olive-oil-jam\/\"]}]},{\"@type\":\"ImageObject\",\"inLanguage\":\"en-US\",\"@id\":\"https:\/\/olearum.com\/en\/producto\/early-harvested-royal-olive-oil-jam\/#primaryimage\",\"url\":\"https:\/\/olearum.com\/wp-content\/uploads\/2023\/03\/jalea-AOVE-royal-web.jpg\",\"contentUrl\":\"https:\/\/olearum.com\/wp-content\/uploads\/2023\/03\/jalea-AOVE-royal-web.jpg\",\"width\":880,\"height\":880,\"caption\":\"Jalea o mermelada de AOVE royal temprano\"},{\"@type\":\"BreadcrumbList\",\"@id\":\"https:\/\/olearum.com\/en\/producto\/early-harvested-royal-olive-oil-jam\/#breadcrumb\",\"itemListElement\":[{\"@type\":\"ListItem\",\"position\":1,\"name\":\"Inicio\",\"item\":\"https:\/\/olearum.com\/en\/home\/\"},{\"@type\":\"ListItem\",\"position\":2,\"name\":\"Shop\",\"item\":\"https:\/\/olearum.com\/en\/shop\/\"},{\"@type\":\"ListItem\",\"position\":3,\"name\":\"EARLY HARVESTED ROYAL OLIVE OIL JAM\"}]},{\"@type\":\"WebSite\",\"@id\":\"https:\/\/olearum.com\/en\/#website\",\"url\":\"https:\/\/olearum.com\/en\/\",\"name\":\"Olearum\",\"description\":\"Venta de aceite de oliva virgen extra de gran calidad, catas de aceite y oleoturismo en Cazorla, exportaci\u00f3n de aceite AOVE, asesoramiento, formaciones y consultor\u00eda agro-ambiental.\",\"publisher\":{\"@id\":\"https:\/\/olearum.com\/en\/#organization\"},\"alternateName\":\"Agraria Olearum\",\"potentialAction\":[{\"@type\":\"SearchAction\",\"target\":{\"@type\":\"EntryPoint\",\"urlTemplate\":\"https:\/\/olearum.com\/en\/?s={search_term_string}\"},\"query-input\":{\"@type\":\"PropertyValueSpecification\",\"valueRequired\":true,\"valueName\":\"search_term_string\"}}],\"inLanguage\":\"en-US\"},{\"@type\":\"Organization\",\"@id\":\"https:\/\/olearum.com\/en\/#organization\",\"name\":\"Olearum\",\"alternateName\":\"Sol Chiquito\",\"url\":\"https:\/\/olearum.com\/en\/\",\"logo\":{\"@type\":\"ImageObject\",\"inLanguage\":\"en-US\",\"@id\":\"https:\/\/olearum.com\/en\/#\/schema\/logo\/image\/\",\"url\":\"https:\/\/olearum.com\/wp-content\/uploads\/2023\/12\/imagen-coorporativa-512.png\",\"contentUrl\":\"https:\/\/olearum.com\/wp-content\/uploads\/2023\/12\/imagen-coorporativa-512.png\",\"width\":512,\"height\":341,\"caption\":\"Olearum\"},\"image\":{\"@id\":\"https:\/\/olearum.com\/en\/#\/schema\/logo\/image\/\"},\"sameAs\":[\"https:\/\/www.facebook.com\/olearum\/\",\"https:\/\/x.com\/olearum\",\"https:\/\/vimeo.com\/olearum\",\"https:\/\/www.youtube.com\/user\/olearum\",\"https:\/\/www.pinterest.es\/olearum\/\",\"https:\/\/www.instagram.com\/olearum\/\"]}]}<\/script>\n<!-- \/ Yoast SEO plugin. -->","yoast_head_json":{"title":"EARLY HARVESTED ROYAL OLIVE OIL JAM - Olearum","description":"EARLY HARVESTED ROYAL OLIVE OIL JAM - Olearum","robots":{"index":"index","follow":"follow","max-snippet":"max-snippet:-1","max-image-preview":"max-image-preview:large","max-video-preview":"max-video-preview:-1"},"canonical":"https:\/\/olearum.com\/en\/producto\/early-harvested-royal-olive-oil-jam\/","og_locale":"en_US","og_type":"article","og_title":"EARLY HARVESTED ROYAL OLIVE OIL JAM - Olearum","og_description":"EARLY HARVESTED ROYAL OLIVE OIL JAM - Olearum","og_url":"https:\/\/olearum.com\/en\/producto\/early-harvested-royal-olive-oil-jam\/","og_site_name":"Olearum","article_publisher":"https:\/\/www.facebook.com\/olearum\/","article_modified_time":"2024-08-05T17:04:49+00:00","og_image":[{"width":880,"height":880,"url":"https:\/\/olearum.com\/wp-content\/uploads\/2023\/03\/jalea-royal-web.jpg","type":"image\/jpeg"}],"twitter_card":"summary_large_image","twitter_site":"@olearum","schema":{"@context":"https:\/\/schema.org","@graph":[{"@type":"WebPage","@id":"https:\/\/olearum.com\/en\/producto\/early-harvested-royal-olive-oil-jam\/","url":"https:\/\/olearum.com\/en\/producto\/early-harvested-royal-olive-oil-jam\/","name":"EARLY HARVESTED ROYAL OLIVE OIL JAM - Olearum","isPartOf":{"@id":"https:\/\/olearum.com\/en\/#website"},"primaryImageOfPage":{"@id":"https:\/\/olearum.com\/en\/producto\/early-harvested-royal-olive-oil-jam\/#primaryimage"},"image":{"@id":"https:\/\/olearum.com\/en\/producto\/early-harvested-royal-olive-oil-jam\/#primaryimage"},"thumbnailUrl":"https:\/\/olearum.com\/wp-content\/uploads\/2023\/03\/jalea-AOVE-royal-web.jpg","datePublished":"2023-03-30T11:56:07+00:00","dateModified":"2024-08-05T17:04:49+00:00","description":"EARLY HARVESTED ROYAL OLIVE OIL JAM - Olearum","breadcrumb":{"@id":"https:\/\/olearum.com\/en\/producto\/early-harvested-royal-olive-oil-jam\/#breadcrumb"},"inLanguage":"en-US","potentialAction":[{"@type":"ReadAction","target":["https:\/\/olearum.com\/en\/producto\/early-harvested-royal-olive-oil-jam\/"]}]},{"@type":"ImageObject","inLanguage":"en-US","@id":"https:\/\/olearum.com\/en\/producto\/early-harvested-royal-olive-oil-jam\/#primaryimage","url":"https:\/\/olearum.com\/wp-content\/uploads\/2023\/03\/jalea-AOVE-royal-web.jpg","contentUrl":"https:\/\/olearum.com\/wp-content\/uploads\/2023\/03\/jalea-AOVE-royal-web.jpg","width":880,"height":880,"caption":"Jalea o mermelada de AOVE royal temprano"},{"@type":"BreadcrumbList","@id":"https:\/\/olearum.com\/en\/producto\/early-harvested-royal-olive-oil-jam\/#breadcrumb","itemListElement":[{"@type":"ListItem","position":1,"name":"Inicio","item":"https:\/\/olearum.com\/en\/home\/"},{"@type":"ListItem","position":2,"name":"Shop","item":"https:\/\/olearum.com\/en\/shop\/"},{"@type":"ListItem","position":3,"name":"EARLY HARVESTED ROYAL OLIVE OIL JAM"}]},{"@type":"WebSite","@id":"https:\/\/olearum.com\/en\/#website","url":"https:\/\/olearum.com\/en\/","name":"Olearum","description":"Venta de aceite de oliva virgen extra de gran calidad, catas de aceite y oleoturismo en Cazorla, exportaci\u00f3n de aceite AOVE, asesoramiento, formaciones y consultor\u00eda agro-ambiental.","publisher":{"@id":"https:\/\/olearum.com\/en\/#organization"},"alternateName":"Agraria Olearum","potentialAction":[{"@type":"SearchAction","target":{"@type":"EntryPoint","urlTemplate":"https:\/\/olearum.com\/en\/?s={search_term_string}"},"query-input":{"@type":"PropertyValueSpecification","valueRequired":true,"valueName":"search_term_string"}}],"inLanguage":"en-US"},{"@type":"Organization","@id":"https:\/\/olearum.com\/en\/#organization","name":"Olearum","alternateName":"Sol Chiquito","url":"https:\/\/olearum.com\/en\/","logo":{"@type":"ImageObject","inLanguage":"en-US","@id":"https:\/\/olearum.com\/en\/#\/schema\/logo\/image\/","url":"https:\/\/olearum.com\/wp-content\/uploads\/2023\/12\/imagen-coorporativa-512.png","contentUrl":"https:\/\/olearum.com\/wp-content\/uploads\/2023\/12\/imagen-coorporativa-512.png","width":512,"height":341,"caption":"Olearum"},"image":{"@id":"https:\/\/olearum.com\/en\/#\/schema\/logo\/image\/"},"sameAs":["https:\/\/www.facebook.com\/olearum\/","https:\/\/x.com\/olearum","https:\/\/vimeo.com\/olearum","https:\/\/www.youtube.com\/user\/olearum","https:\/\/www.pinterest.es\/olearum\/","https:\/\/www.instagram.com\/olearum\/"]}]}},"_links":{"self":[{"href":"https:\/\/olearum.com\/en\/wp-json\/wp\/v2\/product\/18992","targetHints":{"allow":["GET"]}}],"collection":[{"href":"https:\/\/olearum.com\/en\/wp-json\/wp\/v2\/product"}],"about":[{"href":"https:\/\/olearum.com\/en\/wp-json\/wp\/v2\/types\/product"}],"wp:featuredmedia":[{"embeddable":true,"href":"https:\/\/olearum.com\/en\/wp-json\/wp\/v2\/media\/21234"}],"wp:attachment":[{"href":"https:\/\/olearum.com\/en\/wp-json\/wp\/v2\/media?parent=18992"}],"wp:term":[{"taxonomy":"product_brand","embeddable":true,"href":"https:\/\/olearum.com\/en\/wp-json\/wp\/v2\/product_brand?post=18992"},{"taxonomy":"product_cat","embeddable":true,"href":"https:\/\/olearum.com\/en\/wp-json\/wp\/v2\/product_cat?post=18992"},{"taxonomy":"product_tag","embeddable":true,"href":"https:\/\/olearum.com\/en\/wp-json\/wp\/v2\/product_tag?post=18992"}],"curies":[{"name":"wp","href":"https:\/\/api.w.org\/{rel}","templated":true}]}}